{"id":169,"date":"2023-06-05T14:59:14","date_gmt":"2023-06-05T12:59:14","guid":{"rendered":"https:\/\/ivanclavier.fr\/?page_id=169"},"modified":"2025-01-15T20:57:41","modified_gmt":"2025-01-15T19:57:41","slug":"contact","status":"publish","type":"page","link":"https:\/\/ivanclavier.fr\/index.php\/contact\/","title":{"rendered":"Contact"},"content":{"rendered":"\n<p>N\u2019h\u00e9sitez pas \u00e0 me contacter pour tout renseignement, ou si vous souhaitez me rencontrer \u00e0 l&rsquo;adresse <a href=\"mailto:ivanclavier.studio@gmail.com\">ivanclavier.studio@gmail.com<\/a><\/p>\n\n\n\n<p><\/p>\n","protected":false},"excerpt":{"rendered":"<p>N\u2019h\u00e9sitez pas \u00e0 me contacter pour tout renseignement, ou si vous souhaitez me rencontrer \u00e0 l&rsquo;adresse ivanclavier.studio@gmail.com<\/p>\n","protected":false},"author":1,"featured_media":0,"parent":0,"menu_order":0,"comment_status":"closed","ping_status":"closed","template":"","meta":{"footnotes":""},"class_list":["post-169","page","type-page","status-publish","hentry"],"_links":{"self":[{"href":"https:\/\/ivanclavier.fr\/index.php\/wp-json\/wp\/v2\/pages\/169","targetHints":{"allow":["GET"]}}],"collection":[{"href":"https:\/\/ivanclavier.fr\/index.php\/wp-json\/wp\/v2\/pages"}],"about":[{"href":"https:\/\/ivanclavier.fr\/index.php\/wp-json\/wp\/v2\/types\/page"}],"author":[{"embeddable":true,"href":"https:\/\/ivanclavier.fr\/index.php\/wp-json\/wp\/v2\/users\/1"}],"replies":[{"embeddable":true,"href":"https:\/\/ivanclavier.fr\/index.php\/wp-json\/wp\/v2\/comments?post=169"}],"version-history":[{"count":4,"href":"https:\/\/ivanclavier.fr\/index.php\/wp-json\/wp\/v2\/pages\/169\/revisions"}],"predecessor-version":[{"id":224,"href":"https:\/\/ivanclavier.fr\/index.php\/wp-json\/wp\/v2\/pages\/169\/revisions\/224"}],"wp:attachment":[{"href":"https:\/\/ivanclavier.fr\/index.php\/wp-json\/wp\/v2\/media?parent=169"}],"curies":[{"name":"wp","href":"https:\/\/api.w.org\/{rel}","templated":true}]}}